{"id":2519,"date":"2023-12-19T08:43:42","date_gmt":"2023-12-19T07:43:42","guid":{"rendered":"https:\/\/www.tipafrost.cz\/uvodni-stranka\/"},"modified":"2025-10-10T12:09:28","modified_gmt":"2025-10-10T10:09:28","slug":"uvodni-stranka","status":"publish","type":"page","link":"https:\/\/www.tipafrost.cz\/en\/","title":{"rendered":"Home page"},"content":{"rendered":"","protected":false},"excerpt":{"rendered":"","protected":false},"author":1,"featured_media":0,"parent":0,"menu_order":0,"comment_status":"closed","ping_status":"closed","template":"template-home-page.php","meta":{"footnotes":""},"class_list":["post-2519","page","type-page","status-publish","hentry"],"acf":[],"yoast_head":"<!-- This site is optimized with the Yoast SEO Premium plugin v15.2.1 - https:\/\/yoast.com\/wordpress\/plugins\/seo\/ -->\n<title>TIPAFROST - tradi\u010dn\u00ed v\u00fdrobce zmrzliny s va\u0161\u00edm brandem<\/title>\n<meta name=\"description\" content=\"Vyr\u00e1b\u00edme zmrzliny, kter\u00e9 m\u016f\u017eeme ozna\u010dit va\u0161\u00edm brandem. Tipafrost je tradi\u010dn\u00ed v\u00fdrobce zmrzliny.\" \/>\n<meta name=\"robots\" content=\"index, follow, max-snippet:-1, max-image-preview:large, max-video-preview:-1\" \/>\n<link rel=\"canonical\" href=\"https:\/\/www.tipafrost.cz\/en\/\" \/>\n<meta property=\"og:locale\" content=\"en_US\" \/>\n<meta property=\"og:type\" content=\"article\" \/>\n<meta property=\"og:title\" content=\"TIPAFROST - tradi\u010dn\u00ed v\u00fdrobce zmrzliny s va\u0161\u00edm brandem\" \/>\n<meta property=\"og:description\" content=\"Vyr\u00e1b\u00edme zmrzliny, kter\u00e9 m\u016f\u017eeme ozna\u010dit va\u0161\u00edm brandem. Tipafrost je tradi\u010dn\u00ed v\u00fdrobce zmrzliny.\" \/>\n<meta property=\"og:url\" content=\"https:\/\/www.tipafrost.cz\/en\/\" \/>\n<meta property=\"og:site_name\" content=\"TIPAFROST\" \/>\n<meta property=\"article:modified_time\" content=\"2025-10-10T10:09:28+00:00\" \/>\n<meta name=\"twitter:card\" content=\"summary_large_image\" \/>\n<meta name=\"twitter:label1\" content=\"Written by\">\n\t<meta name=\"twitter:data1\" content=\"krubova\">\n<script type=\"application\/ld+json\" class=\"yoast-schema-graph\">{\"@context\":\"https:\/\/schema.org\",\"@graph\":[{\"@type\":\"WebSite\",\"@id\":\"https:\/\/www.tipafrost.cz\/en\/#website\",\"url\":\"https:\/\/www.tipafrost.cz\/en\/\",\"name\":\"TIPAFROST\",\"description\":\"\",\"potentialAction\":[{\"@type\":\"SearchAction\",\"target\":\"https:\/\/www.tipafrost.cz\/en\/?s={search_term_string}\",\"query-input\":\"required name=search_term_string\"}],\"inLanguage\":\"en-US\"},{\"@type\":\"WebPage\",\"@id\":\"https:\/\/www.tipafrost.cz\/en\/#webpage\",\"url\":\"https:\/\/www.tipafrost.cz\/en\/\",\"name\":\"TIPAFROST - tradi\\u010dn\\u00ed v\\u00fdrobce zmrzliny s va\\u0161\\u00edm brandem\",\"isPartOf\":{\"@id\":\"https:\/\/www.tipafrost.cz\/en\/#website\"},\"datePublished\":\"2023-12-19T07:43:42+00:00\",\"dateModified\":\"2025-10-10T10:09:28+00:00\",\"description\":\"Vyr\\u00e1b\\u00edme zmrzliny, kter\\u00e9 m\\u016f\\u017eeme ozna\\u010dit va\\u0161\\u00edm brandem. Tipafrost je tradi\\u010dn\\u00ed v\\u00fdrobce zmrzliny.\",\"breadcrumb\":{\"@id\":\"https:\/\/www.tipafrost.cz\/en\/#breadcrumb\"},\"inLanguage\":\"en-US\",\"potentialAction\":[{\"@type\":\"ReadAction\",\"target\":[\"https:\/\/www.tipafrost.cz\/en\/\"]}]},{\"@type\":\"BreadcrumbList\",\"@id\":\"https:\/\/www.tipafrost.cz\/en\/#breadcrumb\",\"itemListElement\":[{\"@type\":\"ListItem\",\"position\":1,\"item\":{\"@type\":\"WebPage\",\"@id\":\"https:\/\/www.tipafrost.cz\/en\/uvodni-stranka\/\",\"url\":\"https:\/\/www.tipafrost.cz\/en\/uvodni-stranka\/\",\"name\":\"Dom\\u016f\"}},{\"@type\":\"ListItem\",\"position\":2,\"item\":{\"@type\":\"WebPage\",\"@id\":\"https:\/\/www.tipafrost.cz\/en\/\",\"url\":\"https:\/\/www.tipafrost.cz\/en\/\",\"name\":\"Home page\"}}]}]}<\/script>\n<!-- \/ Yoast SEO Premium plugin. -->","_links":{"self":[{"href":"https:\/\/www.tipafrost.cz\/en\/wp-json\/wp\/v2\/pages\/2519","targetHints":{"allow":["GET"]}}],"collection":[{"href":"https:\/\/www.tipafrost.cz\/en\/wp-json\/wp\/v2\/pages"}],"about":[{"href":"https:\/\/www.tipafrost.cz\/en\/wp-json\/wp\/v2\/types\/page"}],"author":[{"embeddable":true,"href":"https:\/\/www.tipafrost.cz\/en\/wp-json\/wp\/v2\/users\/1"}],"replies":[{"embeddable":true,"href":"https:\/\/www.tipafrost.cz\/en\/wp-json\/wp\/v2\/comments?post=2519"}],"version-history":[{"count":7,"href":"https:\/\/www.tipafrost.cz\/en\/wp-json\/wp\/v2\/pages\/2519\/revisions"}],"predecessor-version":[{"id":9826,"href":"https:\/\/www.tipafrost.cz\/en\/wp-json\/wp\/v2\/pages\/2519\/revisions\/9826"}],"wp:attachment":[{"href":"https:\/\/www.tipafrost.cz\/en\/wp-json\/wp\/v2\/media?parent=2519"}],"curies":[{"name":"wp","href":"https:\/\/api.w.org\/{rel}","templated":true}]}}